{"id":2,"date":"2019-05-21T16:14:34","date_gmt":"2019-05-21T14:14:34","guid":{"rendered":"http:\/\/askguard.fr\/?page_id=2"},"modified":"2023-12-12T16:59:41","modified_gmt":"2023-12-12T15:59:41","slug":"page-d-exemple","status":"publish","type":"page","link":"https:\/\/askguard.fr\/index.php\/page-d-exemple\/","title":{"rendered":"KaliSafe\u00ae"},"content":{"rendered":"<p><div class=\"fusion-fullwidth fullwidth-box fusion-builder-row-1 fusion-flex-container nonhundred-percent-fullwidth non-hundred-percent-height-scrolling\" style=\"background-color: rgba(255,255,255,0);background-position: center center;background-repeat: no-repeat;border-width: 0px 0px 0px 0px;border-color:#eae9e9;border-style:solid;\" ><div class=\"fusion-builder-row fusion-row fusion-flex-align-items-flex-start\" style=\"max-width:calc( 1215px + 0px );margin-left: calc(-0px \/ 2 );margin-right: calc(-0px \/ 2 );\"><div class=\"fusion-layout-column fusion_builder_column fusion-builder-column-0 fusion_builder_column_1_1 1_1 fusion-flex-column\"><div class=\"fusion-column-wrapper fusion-flex-justify-content-flex-start fusion-content-layout-column\" style=\"background-position:left top;background-repeat:no-repeat;-webkit-background-size:cover;-moz-background-size:cover;-o-background-size:cover;background-size:cover;padding: 0px 0px 0px 0px;\"><div class=\"fusion-text fusion-text-1\"><\/p>\n<h1>KaliSafe\u00ae &#8211; Le miroir intelligent, un outil d&rsquo;aide \u00e0 la formation<\/h1>\n<p>Lors de l&rsquo;arriv\u00e9e de nouveaux collaborateurs ou lors de formations d\u00e9di\u00e9es,<strong> KaliSafe\u00ae<\/strong> sera votre atout majeur pour apprendre l&rsquo;habillement en salle propre. Alors que la r\u00e9glementation s&rsquo;intensifie sur la protection, avoir une IA alli\u00e9e de la proc\u00e9dure est un v\u00e9ritable atout.\u00a0\u00a0<\/p>\n<p><strong>KaliSafe\u00ae<\/strong> a \u00e9t\u00e9 con\u00e7u pour r\u00e9duire les risques li\u00e9s \u00e0 l&rsquo;habillage dans les salles blanches et aider les op\u00e9rateurs \u00e0 v\u00e9rifier la conformit\u00e9 de leur habillage et \u00e0 les former en cas de besoin.<\/p>\n<p><img decoding=\"async\" loading=\"lazy\" class=\"lazyload aligncenter wp-image-558\" src=\"http:\/\/askguard.fr\/wp-content\/uploads\/2023\/05\/tenues-300x140.png\" data-orig-src=\"http:\/\/askguard.fr\/wp-content\/uploads\/2023\/05\/tenues-300x140.png\" alt=\"\" width=\"589\" height=\"275\" srcset=\"data:image\/svg+xml,%3Csvg%20xmlns%3D%27http%3A%2F%2Fwww.w3.org%2F2000%2Fsvg%27%20width%3D%27589%27%20height%3D%27275%27%20viewBox%3D%270%200%20589%20275%27%3E%3Crect%20width%3D%27589%27%20height%3D%273275%27%20fill-opacity%3D%220%22%2F%3E%3C%2Fsvg%3E\" data-srcset=\"https:\/\/askguard.fr\/wp-content\/uploads\/2023\/05\/tenues-300x140.png 300w, https:\/\/askguard.fr\/wp-content\/uploads\/2023\/05\/tenues-768x359.png 768w, https:\/\/askguard.fr\/wp-content\/uploads\/2023\/05\/tenues-1024x479.png 1024w, https:\/\/askguard.fr\/wp-content\/uploads\/2023\/05\/tenues.png 1177w\" data-sizes=\"auto\" data-orig-sizes=\"(max-width: 589px) 100vw, 589px\" \/><\/p>\n<p>&nbsp;<\/p>\n<p>En cas de non conformit\u00e9 de l&rsquo;habillage ( absence ou mauvais positionnement), un bandeau rouge signale \u00e0 l&rsquo;op\u00e9rateur de revoir sa tenue. Un carr\u00e9 rouge englobe la ou les zones de l&rsquo;habillage \u00e0 revoir.<\/p>\n<p>&nbsp;<\/p>\n<p><img decoding=\"async\" loading=\"lazy\" class=\"lazyload alignnone  wp-image-622\" src=\"http:\/\/askguard.fr\/wp-content\/uploads\/2023\/12\/KaliSafe-site-internet-300x199.png\" data-orig-src=\"http:\/\/askguard.fr\/wp-content\/uploads\/2023\/12\/KaliSafe-site-internet-300x199.png\" alt=\"\" width=\"486\" height=\"323\" srcset=\"data:image\/svg+xml,%3Csvg%20xmlns%3D%27http%3A%2F%2Fwww.w3.org%2F2000%2Fsvg%27%20width%3D%27486%27%20height%3D%27323%27%20viewBox%3D%270%200%20486%20323%27%3E%3Crect%20width%3D%27486%27%20height%3D%273323%27%20fill-opacity%3D%220%22%2F%3E%3C%2Fsvg%3E\" data-srcset=\"https:\/\/askguard.fr\/wp-content\/uploads\/2023\/12\/KaliSafe-site-internet-300x199.png 300w, https:\/\/askguard.fr\/wp-content\/uploads\/2023\/12\/KaliSafe-site-internet-1024x678.png 1024w, https:\/\/askguard.fr\/wp-content\/uploads\/2023\/12\/KaliSafe-site-internet.png 3740w\" data-sizes=\"auto\" data-orig-sizes=\"(max-width: 486px) 100vw, 486px\" \/><\/p>\n<p>&nbsp;<\/p>\n<p><img decoding=\"async\" loading=\"lazy\" class=\"lazyload alignnone size-medium wp-image-784\" src=\"http:\/\/askguard.fr\/wp-content\/uploads\/2023\/12\/Pictogramme-KaliSafe-300x58.jpg\" data-orig-src=\"http:\/\/askguard.fr\/wp-content\/uploads\/2023\/12\/Pictogramme-KaliSafe-300x58.jpg\" alt=\"\" width=\"300\" height=\"58\" srcset=\"data:image\/svg+xml,%3Csvg%20xmlns%3D%27http%3A%2F%2Fwww.w3.org%2F2000%2Fsvg%27%20width%3D%27300%27%20height%3D%2758%27%20viewBox%3D%270%200%20300%2058%27%3E%3Crect%20width%3D%27300%27%20height%3D%27358%27%20fill-opacity%3D%220%22%2F%3E%3C%2Fsvg%3E\" data-srcset=\"https:\/\/askguard.fr\/wp-content\/uploads\/2023\/12\/Pictogramme-KaliSafe-300x58.jpg 300w, https:\/\/askguard.fr\/wp-content\/uploads\/2023\/12\/Pictogramme-KaliSafe.jpg 492w\" data-sizes=\"auto\" data-orig-sizes=\"(max-width: 300px) 100vw, 300px\" \/><\/p><\/p>\n<\/div><\/div><\/div><style type=\"text\/css\">.fusion-body .fusion-builder-column-0{width:100% !important;margin-top : 0px;margin-bottom : 0px;}.fusion-builder-column-0 > .fusion-column-wrapper {padding-top : 0px !important;padding-right : 0px !important;margin-right : 0px;padding-bottom : 0px !important;padding-left : 0px !important;margin-left : 0px;}@media only screen and (max-width:900px) {.fusion-body .fusion-builder-column-0{width:100% !important;}.fusion-builder-column-0 > .fusion-column-wrapper {margin-right : 0px;margin-left : 0px;}}@media only screen and (max-width:640px) {.fusion-body .fusion-builder-column-0{width:100% !important;}.fusion-builder-column-0 > .fusion-column-wrapper {margin-right : 0px;margin-left : 0px;}}<\/style><\/div><style type=\"text\/css\">.fusion-body .fusion-flex-container.fusion-builder-row-1{ padding-top : 0px;margin-top : 0px;padding-right : 0px;padding-bottom : 0px;margin-bottom : 0px;padding-left : 0px;}<\/style><\/div><div class=\"fusion-fullwidth fullwidth-box fusion-builder-row-2 fusion-flex-container nonhundred-percent-fullwidth non-hundred-percent-height-scrolling\" style=\"background-color: rgba(255,255,255,0);background-position: center center;background-repeat: no-repeat;border-width: 0px 0px 0px 0px;border-color:#eae9e9;border-style:solid;\" ><div class=\"fusion-builder-row fusion-row fusion-flex-align-items-flex-start\" style=\"max-width:1263.6px;margin-left: calc(-4% \/ 2 );margin-right: calc(-4% \/ 2 );\"><div class=\"fusion-layout-column fusion_builder_column fusion-builder-column-1 fusion_builder_column_1_2 1_2 fusion-flex-column\"><div class=\"fusion-column-wrapper fusion-flex-justify-content-flex-start fusion-content-layout-column\" style=\"background-position:left top;background-repeat:no-repeat;-webkit-background-size:cover;-moz-background-size:cover;-o-background-size:cover;background-size:cover;padding: 0px 0px 0px 0px;\"><div class=\"fusion-text fusion-text-2\" style=\"color:#000000;\"><h3>Une solution brevet\u00e9e innovante :<\/h3>\n<p><strong>KaliSafe &#8211; Proc\u00e9d\u00e9 de v\u00e9rification d\u2019un \u00e9quipement de salle propre et environnement sensible<\/strong><\/p>\n<p>Brevet N\u00b0 d\u00e9p\u00f4t : FR1903054<\/p>\n<p>Marque n\u00b04536803 enregistr\u00e9 \u00e0 l&rsquo;IPNI<\/p>\n<p>AskGuard &#8211; Marque n\u00b04555037 enregistr\u00e9 \u00e0 l&rsquo;INPI<\/p>\n<p>&nbsp;<\/p>\n<p>&nbsp;<\/p>\n<\/div><\/div><\/div><style type=\"text\/css\">.fusion-body .fusion-builder-column-1{width:50% !important;margin-top : 0px;margin-bottom : 0px;}.fusion-builder-column-1 > .fusion-column-wrapper {padding-top : 0px !important;padding-right : 0px !important;margin-right : 3.84%;padding-bottom : 0px !important;padding-left : 0px !important;margin-left : 3.84%;}@media only screen and (max-width:900px) {.fusion-body .fusion-builder-column-1{width:100% !important;order : 0;}.fusion-builder-column-1 > .fusion-column-wrapper {margin-right : 1.92%;margin-left : 1.92%;}}@media only screen and (max-width:640px) {.fusion-body .fusion-builder-column-1{width:100% !important;order : 0;}.fusion-builder-column-1 > .fusion-column-wrapper {margin-right : 1.92%;margin-left : 1.92%;}}<\/style><\/div><style type=\"text\/css\">.fusion-body .fusion-flex-container.fusion-builder-row-2{ padding-top : 0px;margin-top : 0px;padding-right : 0px;padding-bottom : 0px;margin-bottom : 0px;padding-left : 0px;}<\/style><\/div><\/p>","protected":false},"excerpt":{"rendered":"","protected":false},"author":1,"featured_media":0,"parent":0,"menu_order":0,"comment_status":"closed","ping_status":"open","template":"","meta":{"footnotes":""},"_links":{"self":[{"href":"https:\/\/askguard.fr\/index.php\/wp-json\/wp\/v2\/pages\/2"}],"collection":[{"href":"https:\/\/askguard.fr\/index.php\/wp-json\/wp\/v2\/pages"}],"about":[{"href":"https:\/\/askguard.fr\/index.php\/wp-json\/wp\/v2\/types\/page"}],"author":[{"embeddable":true,"href":"https:\/\/askguard.fr\/index.php\/wp-json\/wp\/v2\/users\/1"}],"replies":[{"embeddable":true,"href":"https:\/\/askguard.fr\/index.php\/wp-json\/wp\/v2\/comments?post=2"}],"version-history":[{"count":37,"href":"https:\/\/askguard.fr\/index.php\/wp-json\/wp\/v2\/pages\/2\/revisions"}],"predecessor-version":[{"id":785,"href":"https:\/\/askguard.fr\/index.php\/wp-json\/wp\/v2\/pages\/2\/revisions\/785"}],"wp:attachment":[{"href":"https:\/\/askguard.fr\/index.php\/wp-json\/wp\/v2\/media?parent=2"}],"curies":[{"name":"wp","href":"https:\/\/api.w.org\/{rel}","templated":true}]}}