{"id":773,"date":"2023-12-12T16:45:05","date_gmt":"2023-12-12T15:45:05","guid":{"rendered":"https:\/\/askguard.fr\/?page_id=773"},"modified":"2023-12-12T17:05:26","modified_gmt":"2023-12-12T16:05:26","slug":"annexe-1-bpf","status":"publish","type":"page","link":"https:\/\/askguard.fr\/index.php\/annexe-1-bpf\/","title":{"rendered":"Annexe 1 BPF"},"content":{"rendered":"<h2>Enseigner et Contr\u00f4ler l\u2019habillage qui prot\u00e8ge l\u2019humain et la production<\/h2>\n<p>\u00ab Des dispositions de disqualification du personnel travaillant ou acc\u00e9dant sans surveillance dans les salles propres doivent \u00eatre mises en place, bas\u00e9es sur des aspects tels que l\u2019\u00e9valuation en continu et\/ou l\u2019identification d\u2019une tendance d\u00e9favorable lors du programme de surveillance du personnel et\/ou apr\u00e8s avoir \u00e9t\u00e9 impliqu\u00e9 dans un test de simulation de proc\u00e9d\u00e9 aseptique non conforme. \u00bb<\/p>\n<p>Annexe 1, BPF 2022, p. 19 \u2013 7,6<\/p>\n<p><strong>Notre solution &#8211; Un m<\/strong><b>iroir bas\u00e9 sur une Intelligence Artificielle Microsoft<\/b><\/p>\n<p>Reconnaissance du correct habillage :<\/p>\n<p>&#8211; A l\u2019entr\u00e9e de salle blanche<\/p>\n<p>&#8211; A la sortie de salle blanche<\/p>\n<p>&#8211; En formation continue<\/p>\n<p>&nbsp;<\/p>\n<p><img decoding=\"async\" loading=\"lazy\" class=\"lazyload alignnone  wp-image-788\" src=\"data:image\/svg+xml,%3Csvg%20xmlns%3D%27http%3A%2F%2Fwww.w3.org%2F2000%2Fsvg%27%20width%3D%27107%27%20height%3D%2792%27%20viewBox%3D%270%200%20107%2092%27%3E%3Crect%20width%3D%27107%27%20height%3D%27392%27%20fill-opacity%3D%220%22%2F%3E%3C%2Fsvg%3E\" data-orig-src=\"http:\/\/askguard.fr\/wp-content\/uploads\/2023\/12\/CGMP-aligned.png\" alt=\"\" width=\"107\" height=\"92\" \/><\/p>\n","protected":false},"excerpt":{"rendered":"<p>Enseigner et Contr\u00f4ler l\u2019habillage qui prot\u00e8ge l\u2019humain et la production \u00ab Des dispositions de disqualification du personnel travaillant ou acc\u00e9dant sans surveillance dans les salles propres doivent \u00eatre mises en place, bas\u00e9es sur des aspects tels que l\u2019\u00e9valuation en continu et\/ou l\u2019identification d\u2019une tendance d\u00e9favorable lors du programme de surveillance du personnel et\/ou apr\u00e8s avoir [&hellip;]<\/p>\n","protected":false},"author":1,"featured_media":0,"parent":0,"menu_order":0,"comment_status":"closed","ping_status":"closed","template":"","meta":{"footnotes":""},"_links":{"self":[{"href":"https:\/\/askguard.fr\/index.php\/wp-json\/wp\/v2\/pages\/773"}],"collection":[{"href":"https:\/\/askguard.fr\/index.php\/wp-json\/wp\/v2\/pages"}],"about":[{"href":"https:\/\/askguard.fr\/index.php\/wp-json\/wp\/v2\/types\/page"}],"author":[{"embeddable":true,"href":"https:\/\/askguard.fr\/index.php\/wp-json\/wp\/v2\/users\/1"}],"replies":[{"embeddable":true,"href":"https:\/\/askguard.fr\/index.php\/wp-json\/wp\/v2\/comments?post=773"}],"version-history":[{"count":4,"href":"https:\/\/askguard.fr\/index.php\/wp-json\/wp\/v2\/pages\/773\/revisions"}],"predecessor-version":[{"id":789,"href":"https:\/\/askguard.fr\/index.php\/wp-json\/wp\/v2\/pages\/773\/revisions\/789"}],"wp:attachment":[{"href":"https:\/\/askguard.fr\/index.php\/wp-json\/wp\/v2\/media?parent=773"}],"curies":[{"name":"wp","href":"https:\/\/api.w.org\/{rel}","templated":true}]}}